{"id":3558,"date":"2023-06-07T15:32:11","date_gmt":"2023-06-07T15:32:11","guid":{"rendered":"https:\/\/devlan.ca\/?page_id=3558"},"modified":"2023-06-07T15:35:24","modified_gmt":"2023-06-07T15:35:24","slug":"politique-de-confidentialite","status":"publish","type":"page","link":"https:\/\/devlan.ca\/fr\/politique-de-confidentialite\/","title":{"rendered":"Politique de Confidentialit\u00e9"},"content":{"rendered":"\t\t<div data-elementor-type=\"wp-page\" data-elementor-id=\"3558\" class=\"elementor elementor-3558\" data-elementor-post-type=\"page\">\n\t\t\t\t\t\t<section class=\"elementor-section elementor-top-section elementor-element elementor-element-1c213b2 elementor-section-boxed elementor-section-height-default elementor-section-height-default\" data-id=\"1c213b2\" data-element_type=\"section\" data-e-type=\"section\">\n\t\t\t\t\t\t<div class=\"elementor-container elementor-column-gap-default\">\n\t\t\t\t\t<div class=\"elementor-column elementor-col-100 elementor-top-column elementor-element elementor-element-576b424\" data-id=\"576b424\" data-element_type=\"column\" data-e-type=\"column\">\n\t\t\t<div class=\"elementor-widget-wrap elementor-element-populated\">\n\t\t\t\t\t\t<div class=\"elementor-element elementor-element-fff5c3f elementor-widget elementor-widget-heading\" data-id=\"fff5c3f\" data-element_type=\"widget\" data-e-type=\"widget\" data-widget_type=\"heading.default\">\n\t\t\t\t<div class=\"elementor-widget-container\">\n\t\t\t\t\t<h2 class=\"elementor-heading-title elementor-size-default\">Politique de Confidentialit\u00e9\n<\/h2>\t\t\t\t<\/div>\n\t\t\t\t<\/div>\n\t\t\t\t<div class=\"elementor-element elementor-element-a2e915c elementor-widget elementor-widget-text-editor\" data-id=\"a2e915c\" data-element_type=\"widget\" data-e-type=\"widget\" data-widget_type=\"text-editor.default\">\n\t\t\t\t<div class=\"elementor-widget-container\">\n\t\t\t\t\t\t\t\t\t<div class=\"RichText3-paragraph--withVSpacingNormal RichText3-paragraph Typography Typography--m\">Chez Devlan.ca, nous comprenons l&#8217;importance de la vie priv\u00e9e et nous nous engageons \u00e0 prot\u00e9ger les informations personnelles de nos utilisateurs. La pr\u00e9sente politique de confidentialit\u00e9 d\u00e9crit la mani\u00e8re dont nous recueillons, utilisons, divulguons et prot\u00e9geons vos informations personnelles lorsque vous visitez notre site web ou utilisez nos services.<br \/><br \/><\/div><div class=\"RichText3-paragraph--withVSpacingNormal RichText3-paragraph Typography Typography--m\">Veuillez lire attentivement cette politique de confidentialit\u00e9. En acc\u00e9dant \u00e0 Devlan.ca ou en l&#8217;utilisant, vous reconnaissez avoir lu, compris et accept\u00e9 d&#8217;\u00eatre li\u00e9 par les conditions de la pr\u00e9sente politique de confidentialit\u00e9. Si vous n&#8217;\u00eates pas d&#8217;accord avec cette politique de confidentialit\u00e9, veuillez ne pas acc\u00e9der \u00e0 Devlan.ca ni l&#8217;utiliser.<\/div><div class=\"RichText3-paragraph--withVSpacingNormal RichText3-paragraph Typography Typography--m\">\u00a0<\/div><div class=\"RichText3-paragraph--withVSpacingNormal RichText3-paragraph Typography Typography--m\">Informations que nous recueillons<\/div><div>\u00a0<\/div><div class=\"RichText3-paragraph--withVSpacingNormal RichText3-paragraph Typography Typography--m\">1.1. Informations personnelles Lorsque vous utilisez Devlan.ca, nous pouvons recueillir certaines informations personnellement identifiables, y compris, mais sans s&#8217;y limiter, votre nom, votre adresse \u00e9lectronique, votre num\u00e9ro de t\u00e9l\u00e9phone et toute autre information que vous nous fournissez volontairement.<\/div><div>\u00a0<\/div><div class=\"RichText3-paragraph--withVSpacingNormal RichText3-paragraph Typography Typography--m\">1.2. Informations non personnelles Nous pouvons \u00e9galement recueillir des informations non personnelles sur votre interaction avec Devlan.ca. Ces informations peuvent inclure votre adresse IP, le type de navigateur, le type d&#8217;appareil, le syst\u00e8me d&#8217;exploitation et d&#8217;autres donn\u00e9es analytiques similaires.<\/div><div class=\"RichText3-paragraph--withVSpacingNormal RichText3-paragraph Typography Typography--m\">Utilisation des informations<\/div><div>\u00a0<\/div><div class=\"RichText3-paragraph--withVSpacingNormal RichText3-paragraph Typography Typography--m\">2.1. Informations personnelles Nous pouvons utiliser les informations personnelles que nous recueillons aupr\u00e8s de vous aux fins suivantes :<\/div><div class=\"RichText3-paragraph--withVSpacingNormal RichText3-paragraph Typography Typography--m\">Fournir et maintenir nos services.<\/div><div class=\"RichText3-paragraph--withVSpacingNormal RichText3-paragraph Typography Typography--m\">Pour communiquer avec vous au sujet de vos demandes, de vos commentaires ou de vos requ\u00eates.<\/div><div class=\"RichText3-paragraph--withVSpacingNormal RichText3-paragraph Typography Typography--m\">Personnaliser votre exp\u00e9rience et am\u00e9liorer notre site web et nos services.<\/div><div class=\"RichText3-paragraph--withVSpacingNormal RichText3-paragraph Typography Typography--m\">Vous envoyer des documents promotionnels et des mises \u00e0 jour sur nos produits et services, sous r\u00e9serve de vos pr\u00e9f\u00e9rences et des lois applicables.<\/div><div>\u00a0<\/div><div class=\"RichText3-paragraph--withVSpacingNormal RichText3-paragraph Typography Typography--m\">2.2. Informations non personnelles Les informations non personnelles collect\u00e9es peuvent \u00eatre utilis\u00e9es \u00e0 des fins d&#8217;analyse statistique, d&#8217;optimisation du site web et d&#8217;am\u00e9lioration de l&#8217;exp\u00e9rience des utilisateurs.<\/div><div class=\"RichText3-paragraph--withVSpacingNormal RichText3-paragraph Typography Typography--m\">Partage des informations<\/div><div>\u00a0<\/div><div class=\"RichText3-paragraph--withVSpacingNormal RichText3-paragraph Typography Typography--m\">3.1. Prestataires de services tiers Nous pouvons engager des prestataires de services tiers pour ex\u00e9cuter des fonctions en notre nom, telles que l&#8217;h\u00e9bergement, l&#8217;analyse de donn\u00e9es, l&#8217;assistance marketing et l&#8217;assistance \u00e0 la client\u00e8le. Ces prestataires de services ne peuvent avoir acc\u00e8s \u00e0 vos informations personnelles que dans la mesure n\u00e9cessaire \u00e0 l&#8217;ex\u00e9cution de leurs fonctions et sont tenus de pr\u00e9server la confidentialit\u00e9 et la s\u00e9curit\u00e9 de vos informations.<\/div><div>\u00a0<\/div><div class=\"RichText3-paragraph--withVSpacingNormal RichText3-paragraph Typography Typography--m\">3.2. Exigences l\u00e9gales Nous pouvons divulguer vos informations personnelles si la loi l&#8217;exige ou en r\u00e9ponse \u00e0 une demande l\u00e9gale valable.<\/div><div>\u00a0<\/div><div class=\"RichText3-paragraph--withVSpacingNormal RichText3-paragraph Typography Typography--m\">S\u00e9curit\u00e9 des donn\u00e9es<\/div><div>\u00a0<\/div><div class=\"RichText3-paragraph--withVSpacingNormal RichText3-paragraph Typography Typography--m\">Nous mettons en \u0153uvre des mesures de s\u00e9curit\u00e9 appropri\u00e9es pour prot\u00e9ger les informations personnelles que nous recueillons et conservons. Toutefois, sachez qu&#8217;aucune mesure de s\u00e9curit\u00e9 n&#8217;est parfaite ou imp\u00e9n\u00e9trable. Nous ne pouvons pas garantir la s\u00e9curit\u00e9 absolue de vos informations.<\/div><div>\u00a0<\/div><div class=\"RichText3-paragraph--withVSpacingNormal RichText3-paragraph Typography Typography--m\">Sites web de tiers<\/div><div>\u00a0<\/div><div class=\"RichText3-paragraph--withVSpacingNormal RichText3-paragraph Typography Typography--m\">Devlan.ca peut contenir des liens vers des sites web ou des services de tiers qui ne nous appartiennent pas et ne sont pas contr\u00f4l\u00e9s par nous. La pr\u00e9sente politique de confidentialit\u00e9 ne s&#8217;applique pas aux sites Web ou services de tiers. Nous vous encourageons \u00e0 consulter les politiques de confidentialit\u00e9 de ces sites Web ou services tiers avant de fournir des renseignements personnels.<\/div><div>\u00a0<\/div><div class=\"RichText3-paragraph--withVSpacingNormal RichText3-paragraph Typography Typography--m\">Modifications de la politique de confidentialit\u00e9<\/div><div class=\"RichText3-paragraph--withVSpacingNormal RichText3-paragraph Typography Typography--m\">Nous nous r\u00e9servons le droit de modifier la pr\u00e9sente politique de confidentialit\u00e9 \u00e0 tout moment, sans pr\u00e9avis. La version mise \u00e0 jour entrera en vigueur \u00e0 compter de la date de publication sur Devlan.ca. Il vous incombe de consulter r\u00e9guli\u00e8rement la pr\u00e9sente politique de confidentialit\u00e9 afin de rester inform\u00e9 de toute mise \u00e0 jour.<\/div><div>\u00a0<\/div><div class=\"RichText3-paragraph--withVSpacingNormal RichText3-paragraph Typography Typography--m\">Contacter Devlan<\/div><div>\u00a0<\/div><div class=\"RichText3-paragraph--withVSpacingNormal RichText3-paragraph Typography Typography--m\">Si vous avez des questions ou des pr\u00e9occupations concernant la pr\u00e9sente politique de confidentialit\u00e9 ou nos pratiques en mati\u00e8re de donn\u00e9es, veuillez nous contacter \u00e0 [coordonn\u00e9es].<\/div><div>\u00a0<\/div><div class=\"RichText3-paragraph--withVSpacingNormal RichText3-paragraph Typography Typography--m\">En utilisant Devlan.ca, vous signifiez votre consentement aux conditions de la pr\u00e9sente politique de confidentialit\u00e9.<\/div>\t\t\t\t\t\t\t\t<\/div>\n\t\t\t\t<\/div>\n\t\t\t\t\t<\/div>\n\t\t<\/div>\n\t\t\t\t\t<\/div>\n\t\t<\/section>\n\t\t\t\t<\/div>\n\t\t","protected":false},"excerpt":{"rendered":"<p>Politique de Confidentialit\u00e9 Chez Devlan.ca, nous comprenons l&#8217;importance de la vie priv\u00e9e et nous nous engageons \u00e0 prot\u00e9ger les informations personnelles de nos utilisateurs. La pr\u00e9sente politique de confidentialit\u00e9 d\u00e9crit la mani\u00e8re dont nous recueillons, utilisons, divulguons et prot\u00e9geons vos informations personnelles lorsque vous visitez notre site web ou utilisez nos services. Veuillez lire attentivement [&hellip;]<\/p>\n","protected":false},"author":1,"featured_media":0,"parent":0,"menu_order":0,"comment_status":"closed","ping_status":"closed","template":"elementor_header_footer","meta":{"_monsterinsights_skip_tracking":false,"_monsterinsights_sitenote_active":false,"_monsterinsights_sitenote_note":"","_monsterinsights_sitenote_category":0,"ocean_post_layout":"","ocean_both_sidebars_style":"","ocean_both_sidebars_content_width":0,"ocean_both_sidebars_sidebars_width":0,"ocean_sidebar":"","ocean_second_sidebar":"","ocean_disable_margins":"enable","ocean_add_body_class":"","ocean_shortcode_before_top_bar":"","ocean_shortcode_after_top_bar":"","ocean_shortcode_before_header":"","ocean_shortcode_after_header":"","ocean_has_shortcode":"","ocean_shortcode_after_title":"","ocean_shortcode_before_footer_widgets":"","ocean_shortcode_after_footer_widgets":"","ocean_shortcode_before_footer_bottom":"","ocean_shortcode_after_footer_bottom":"","ocean_display_top_bar":"default","ocean_display_header":"default","ocean_header_style":"","ocean_center_header_left_menu":"","ocean_custom_header_template":"","ocean_custom_logo":0,"ocean_custom_retina_logo":0,"ocean_custom_logo_max_width":0,"ocean_custom_logo_tablet_max_width":0,"ocean_custom_logo_mobile_max_width":0,"ocean_custom_logo_max_height":0,"ocean_custom_logo_tablet_max_height":0,"ocean_custom_logo_mobile_max_height":0,"ocean_header_custom_menu":"","ocean_menu_typo_font_family":"","ocean_menu_typo_font_subset":"","ocean_menu_typo_font_size":0,"ocean_menu_typo_font_size_tablet":0,"ocean_menu_typo_font_size_mobile":0,"ocean_menu_typo_font_size_unit":"px","ocean_menu_typo_font_weight":"","ocean_menu_typo_font_weight_tablet":"","ocean_menu_typo_font_weight_mobile":"","ocean_menu_typo_transform":"","ocean_menu_typo_transform_tablet":"","ocean_menu_typo_transform_mobile":"","ocean_menu_typo_line_height":0,"ocean_menu_typo_line_height_tablet":0,"ocean_menu_typo_line_height_mobile":0,"ocean_menu_typo_line_height_unit":"","ocean_menu_typo_spacing":0,"ocean_menu_typo_spacing_tablet":0,"ocean_menu_typo_spacing_mobile":0,"ocean_menu_typo_spacing_unit":"","ocean_menu_link_color":"","ocean_menu_link_color_hover":"","ocean_menu_link_color_active":"","ocean_menu_link_background":"","ocean_menu_link_hover_background":"","ocean_menu_link_active_background":"","ocean_menu_social_links_bg":"","ocean_menu_social_hover_links_bg":"","ocean_menu_social_links_color":"","ocean_menu_social_hover_links_color":"","ocean_disable_title":"default","ocean_disable_heading":"default","ocean_post_title":"","ocean_post_subheading":"","ocean_post_title_style":"","ocean_post_title_background_color":"","ocean_post_title_background":0,"ocean_post_title_bg_image_position":"","ocean_post_title_bg_image_attachment":"","ocean_post_title_bg_image_repeat":"","ocean_post_title_bg_image_size":"","ocean_post_title_height":0,"ocean_post_title_bg_overlay":0.5,"ocean_post_title_bg_overlay_color":"","ocean_disable_breadcrumbs":"default","ocean_breadcrumbs_color":"","ocean_breadcrumbs_separator_color":"","ocean_breadcrumbs_links_color":"","ocean_breadcrumbs_links_hover_color":"","ocean_display_footer_widgets":"default","ocean_display_footer_bottom":"default","ocean_custom_footer_template":"","footnotes":""},"class_list":["post-3558","page","type-page","status-publish","hentry","entry"],"aioseo_notices":[],"_links":{"self":[{"href":"https:\/\/devlan.ca\/fr\/wp-json\/wp\/v2\/pages\/3558","targetHints":{"allow":["GET"]}}],"collection":[{"href":"https:\/\/devlan.ca\/fr\/wp-json\/wp\/v2\/pages"}],"about":[{"href":"https:\/\/devlan.ca\/fr\/wp-json\/wp\/v2\/types\/page"}],"author":[{"embeddable":true,"href":"https:\/\/devlan.ca\/fr\/wp-json\/wp\/v2\/users\/1"}],"replies":[{"embeddable":true,"href":"https:\/\/devlan.ca\/fr\/wp-json\/wp\/v2\/comments?post=3558"}],"version-history":[{"count":5,"href":"https:\/\/devlan.ca\/fr\/wp-json\/wp\/v2\/pages\/3558\/revisions"}],"predecessor-version":[{"id":3563,"href":"https:\/\/devlan.ca\/fr\/wp-json\/wp\/v2\/pages\/3558\/revisions\/3563"}],"wp:attachment":[{"href":"https:\/\/devlan.ca\/fr\/wp-json\/wp\/v2\/media?parent=3558"}],"curies":[{"name":"wp","href":"https:\/\/api.w.org\/{rel}","templated":true}]}}